{"id":13041,"date":"2021-02-15T15:52:49","date_gmt":"2021-02-15T15:52:49","guid":{"rendered":"http:\/\/lisbonbylocals.com\/?page_id=13041"},"modified":"2021-04-07T17:46:44","modified_gmt":"2021-04-07T17:46:44","slug":"transferes-translados","status":"publish","type":"page","link":"https:\/\/lisbonbylocals.com\/en\/transfers\/","title":{"rendered":"Transfers"},"content":{"rendered":"<div data-elementor-type=\"wp-page\" data-elementor-id=\"13041\" class=\"elementor elementor-13041\" data-elementor-settings=\"[]\">\n\t\t\t\t\t\t<div class=\"elementor-inner\">\n\t\t\t\t\t\t\t<div class=\"elementor-section-wrap\">\n\t\t\t\t\t\t\t<section class=\"elementor-section elementor-top-section elementor-element elementor-element-2d2a6e7 elementor-section-full_width elementor-section-height-default elementor-section-height-default\" data-id=\"2d2a6e7\" data-element_type=\"section\" data-settings=\"{&quot;background_background&quot;:&quot;classic&quot;}\">\n\t\t\t\t\t\t<div class=\"elementor-container elementor-column-gap-default\">\n\t\t\t\t\t\t\t<div class=\"elementor-row\">\n\t\t\t\t\t<div class=\"elementor-column elementor-col-100 elementor-top-column elementor-element elementor-element-24e9ad3\" data-id=\"24e9ad3\" data-element_type=\"column\">\n\t\t\t<div class=\"elementor-column-wrap elementor-element-populated\">\n\t\t\t\t\t\t\t<div class=\"elementor-widget-wrap\">\n\t\t\t\t\t\t<section class=\"elementor-section elementor-inner-section elementor-element elementor-element-a4d97d5 elementor-section-boxed elementor-section-height-default elementor-section-height-default\" data-id=\"a4d97d5\" data-element_type=\"section\">\n\t\t\t\t\t\t<div class=\"elementor-container elementor-column-gap-default\">\n\t\t\t\t\t\t\t<div class=\"elementor-row\">\n\t\t\t\t\t<div class=\"elementor-column elementor-col-100 elementor-inner-column elementor-element elementor-element-16f31f2\" data-id=\"16f31f2\" data-element_type=\"column\">\n\t\t\t<div class=\"elementor-column-wrap elementor-element-populated\">\n\t\t\t\t\t\t\t<div class=\"elementor-widget-wrap\">\n\t\t\t\t\t\t<div class=\"elementor-element elementor-element-d656f4c elementor-widget elementor-widget-rs-heading\" data-id=\"d656f4c\" data-element_type=\"widget\" data-widget_type=\"rs-heading.default\">\n\t\t\t\t<div class=\"elementor-widget-container\">\n\t\t\t        <div class=\"rs-heading style1\">\r\n        \t<div class=\"title-inner\">\r\n        \t\t      \t\t\r\n\t            <h2 class=\"title\"><span class=\"watermark\"><\/span>Why Book a Transfer Service?\n<\/h2>\t        <\/div>\r\n\t                <\/div>\r\n\r\n        \t\t<\/div>\n\t\t\t\t<\/div>\n\t\t\t\t\t\t<\/div>\n\t\t\t\t\t<\/div>\n\t\t<\/div>\n\t\t\t\t\t\t\t\t<\/div>\n\t\t\t\t\t<\/div>\n\t\t<\/section>\n\t\t\t\t<div class=\"elementor-element elementor-element-1872578 elementor-widget-divider--view-line elementor-widget elementor-widget-divider\" data-id=\"1872578\" data-element_type=\"widget\" data-widget_type=\"divider.default\">\n\t\t\t\t<div class=\"elementor-widget-container\">\n\t\t\t\t\t<div class=\"elementor-divider\">\n\t\t\t<span class=\"elementor-divider-separator\">\n\t\t\t\t\t\t<\/span>\n\t\t<\/div>\n\t\t\t\t<\/div>\n\t\t\t\t<\/div>\n\t\t\t\t<section class=\"elementor-section elementor-inner-section elementor-element elementor-element-17e61f6 elementor-section-boxed elementor-section-height-default elementor-section-height-default\" data-id=\"17e61f6\" data-element_type=\"section\">\n\t\t\t\t\t\t<div class=\"elementor-container elementor-column-gap-default\">\n\t\t\t\t\t\t\t<div class=\"elementor-row\">\n\t\t\t\t\t<div class=\"elementor-column elementor-col-50 elementor-inner-column elementor-element elementor-element-20bfa44\" data-id=\"20bfa44\" data-element_type=\"column\">\n\t\t\t<div class=\"elementor-column-wrap elementor-element-populated\">\n\t\t\t\t\t\t\t<div class=\"elementor-widget-wrap\">\n\t\t\t\t\t\t<div class=\"elementor-element elementor-element-225c98e icon_bg_style1 elementor-invisible elementor-widget elementor-widget-rs-service-grid\" data-id=\"225c98e\" data-element_type=\"widget\" data-settings=\"{&quot;_animation&quot;:&quot;none&quot;}\" data-widget_type=\"rs-service-grid.default\">\n\t\t\t\t<div class=\"elementor-widget-container\">\n\t\t\t\t\t\r\n\t\t<div class=\"rs-animation-yes rs-addon-services services-style4 service_shape_\">\r\n\t\t    <div class=\"services-part\">\r\n\r\n\r\n\t\t    \t\t\t\t    \t\t    \t\t\r\n\t\t    \t\r\n\t\t    \t\t\t\r\n\t\t    \t\t\t\t\t\t    \t\t\t<div class=\"services-icon elementor-animation-shrink image\">\r\n\r\n\t\t\t\t\t    \t\t\r\n\t\t\t\t\t    \t\t\t\t\t\t\t    \t\t\t<img decoding=\"async\" src=\"http:\/\/lisbonbylocals.com\/wp-content\/uploads\/2020\/10\/family.png\" alt=\"image\"\/>\r\n\t\t\t\t\t    \t\t\r\n\t\t\t\t    \t\t<\/div>\r\n\t\t\t    \t\t\r\n\r\n\t\t    \t\t\t    \t\t       \r\n\t\t\t    <div class=\"services-text\">\r\n\r\n\t\t\t    \t\r\n\r\n\t\t\t    \t\t\t\t\t    \t<div class=\"services-title\">\t\t\t\t    \t\t\r\n\t\t\t\t    \t\t\t\t\t\t    \t\t\t<h3 class=\"title\"> Comfort<\/h3>\r\n\t\t\t\t    \t\t\t\t\t\t    \t\t\r\n\t\t\t\t    \t<\/div>\r\n\t\t\t    \t\t\r\n\r\n\t\t\t    \t\t\t\t    \t\t<p class=\"services-txt\">  The best option for those traveling with children, the elderly or looking for greater comfort for the family. We have child car seats.<\/p>\t\r\n\t\t\t    \t\t\r\n\r\n\r\n\r\n\t\t\t    \t\t    \t    \t\t\t    \t    \t\r\n\r\n\r\n\r\n\t\t\t    <\/div>\r\n\t\t\t<\/div>\r\n\t\t<\/div>\t\r\n\t\t\r\n\t\t\t<\/div>\n\t\t\t\t<\/div>\n\t\t\t\t<div class=\"elementor-element elementor-element-7f12790 icon_bg_style1 elementor-invisible elementor-widget elementor-widget-rs-service-grid\" data-id=\"7f12790\" data-element_type=\"widget\" data-settings=\"{&quot;_animation&quot;:&quot;none&quot;}\" data-widget_type=\"rs-service-grid.default\">\n\t\t\t\t<div class=\"elementor-widget-container\">\n\t\t\t\t\t\r\n\t\t<div class=\"rs-animation-yes rs-addon-services services-style4 service_shape_\">\r\n\t\t    <div class=\"services-part\">\r\n\r\n\r\n\t\t    \t\t\t\t    \t\t    \t\t\r\n\t\t    \t\r\n\t\t    \t\t\t\r\n\t\t    \t\t\t\t\t\t    \t\t\t<div class=\"services-icon elementor-animation-shrink image\">\r\n\r\n\t\t\t\t\t    \t\t\r\n\t\t\t\t\t    \t\t\t\t\t\t\t    \t\t\t<img decoding=\"async\" src=\"http:\/\/lisbonbylocals.com\/wp-content\/uploads\/2020\/11\/004-lock.png\" alt=\"image\"\/>\r\n\t\t\t\t\t    \t\t\r\n\t\t\t\t    \t\t<\/div>\r\n\t\t\t    \t\t\r\n\r\n\t\t    \t\t\t    \t\t       \r\n\t\t\t    <div class=\"services-text\">\r\n\r\n\t\t\t    \t\r\n\r\n\t\t\t    \t\t\t\t\t    \t<div class=\"services-title\">\t\t\t\t    \t\t\r\n\t\t\t\t    \t\t\t\t\t\t    \t\t\t<h3 class=\"title\"> Safety<\/h3>\r\n\t\t\t\t    \t\t\t\t\t\t    \t\t\r\n\t\t\t\t    \t<\/div>\r\n\t\t\t    \t\t\r\n\r\n\t\t\t    \t\t\t\t    \t\t<p class=\"services-txt\">  All services are private and for any area of Portugal, always safe with experienced drivers and local knowledge. \n<\/p>\t\r\n\t\t\t    \t\t\r\n\r\n\r\n\r\n\t\t\t    \t\t    \t    \t\t\t    \t    \t\r\n\r\n\r\n\r\n\t\t\t    <\/div>\r\n\t\t\t<\/div>\r\n\t\t<\/div>\t\r\n\t\t\r\n\t\t\t<\/div>\n\t\t\t\t<\/div>\n\t\t\t\t\t\t<\/div>\n\t\t\t\t\t<\/div>\n\t\t<\/div>\n\t\t\t\t<div class=\"elementor-column elementor-col-50 elementor-inner-column elementor-element elementor-element-773552f\" data-id=\"773552f\" data-element_type=\"column\">\n\t\t\t<div class=\"elementor-column-wrap elementor-element-populated\">\n\t\t\t\t\t\t\t<div class=\"elementor-widget-wrap\">\n\t\t\t\t\t\t<div class=\"elementor-element elementor-element-74b6b02 icon_bg_style1 elementor-invisible elementor-widget elementor-widget-rs-service-grid\" data-id=\"74b6b02\" data-element_type=\"widget\" data-settings=\"{&quot;_animation&quot;:&quot;none&quot;}\" data-widget_type=\"rs-service-grid.default\">\n\t\t\t\t<div class=\"elementor-widget-container\">\n\t\t\t\t\t\r\n\t\t<div class=\"rs-animation-yes rs-addon-services services-style4 service_shape_\">\r\n\t\t    <div class=\"services-part\">\r\n\r\n\r\n\t\t    \t\t\t\t    \t\t    \t\t\r\n\t\t    \t\r\n\t\t    \t\t\t\r\n\t\t    \t\t\t\t\t\t    \t\t\t<div class=\"services-icon elementor-animation-shrink image\">\r\n\r\n\t\t\t\t\t    \t\t\r\n\t\t\t\t\t    \t\t\t\t\t\t\t    \t\t\t<img decoding=\"async\" src=\"http:\/\/lisbonbylocals.com\/wp-content\/uploads\/2020\/11\/service_icon3.png\" alt=\"image\"\/>\r\n\t\t\t\t\t    \t\t\r\n\t\t\t\t    \t\t<\/div>\r\n\t\t\t    \t\t\r\n\r\n\t\t    \t\t\t    \t\t       \r\n\t\t\t    <div class=\"services-text\">\r\n\r\n\t\t\t    \t\r\n\r\n\t\t\t    \t\t\t\t\t    \t<div class=\"services-title\">\t\t\t\t    \t\t\r\n\t\t\t\t    \t\t\t\t\t\t\t    \t\t\t\t\t\t\t    \t\t\t\r\n\t\t\t\t    \t\t<h3  class=\"title\"> <a href=\"#Solu\u00e7\u00f5es%20Personalizadas\"  >Tailor Made Solutions<\/a><\/h3>\r\n\t\t\t\t    \t\t\t\t\t\t    \t\t\r\n\t\t\t\t    \t<\/div>\r\n\t\t\t    \t\t\r\n\r\n\t\t\t    \t\t\t\t    \t\t<p class=\"services-txt\">  Um Elemento da equipa Lisbon By Locals estar\u00e1 aguardando por si na zona de desembarque \\hotel ou em qualquer outro local previamente agendado com uma placa identificativa. <\/p>\t\r\n\t\t\t    \t\t\r\n\r\n\r\n\r\n\t\t\t    \t\t    \t    \t\t\t    \t    \t\r\n\r\n\r\n\r\n\t\t\t    <\/div>\r\n\t\t\t<\/div>\r\n\t\t<\/div>\t\r\n\t\t\r\n\t\t\t<\/div>\n\t\t\t\t<\/div>\n\t\t\t\t<div class=\"elementor-element elementor-element-6069288 icon_bg_style1 elementor-invisible elementor-widget elementor-widget-rs-service-grid\" data-id=\"6069288\" data-element_type=\"widget\" data-settings=\"{&quot;_animation&quot;:&quot;none&quot;}\" data-widget_type=\"rs-service-grid.default\">\n\t\t\t\t<div class=\"elementor-widget-container\">\n\t\t\t\t\t\r\n\t\t<div class=\"rs-animation-yes rs-addon-services services-style4 service_shape_\">\r\n\t\t    <div class=\"services-part\">\r\n\r\n\r\n\t\t    \t\t\t\t    \t\t    \t\t\r\n\t\t    \t\r\n\t\t    \t\t\t\r\n\t\t    \t\t\t\t\t\t    \t\t\t<div class=\"services-icon elementor-animation-shrink image\">\r\n\r\n\t\t\t\t\t    \t\t\r\n\t\t\t\t\t    \t\t\t\t\t\t\t    \t\t\t<img decoding=\"async\" src=\"https:\/\/keenitsolutions.com\/products\/wordpress\/reobiz\/wp-content\/uploads\/2020\/10\/24-hours-support.png\" alt=\"image\"\/>\r\n\t\t\t\t\t    \t\t\r\n\t\t\t\t    \t\t<\/div>\r\n\t\t\t    \t\t\r\n\r\n\t\t    \t\t\t    \t\t       \r\n\t\t\t    <div class=\"services-text\">\r\n\r\n\t\t\t    \t\r\n\r\n\t\t\t    \t\t\t\t\t    \t<div class=\"services-title\">\t\t\t\t    \t\t\r\n\t\t\t\t    \t\t\t\t\t\t    \t\t\t<h3 class=\"title\"> High Level of Professionalism<\/h3>\r\n\t\t\t\t    \t\t\t\t\t\t    \t\t\r\n\t\t\t\t    \t<\/div>\r\n\t\t\t    \t\t\r\n\r\n\t\t\t    \t\t\t\t    \t\t<p class=\"services-txt\">  Anytime you need the service, we are waiting for you with a smile.<\/p>\t\r\n\t\t\t    \t\t\r\n\r\n\r\n\r\n\t\t\t    \t\t    \t    \t\t\t    \t    \t\r\n\r\n\r\n\r\n\t\t\t    <\/div>\r\n\t\t\t<\/div>\r\n\t\t<\/div>\t\r\n\t\t\r\n\t\t\t<\/div>\n\t\t\t\t<\/div>\n\t\t\t\t\t\t<\/div>\n\t\t\t\t\t<\/div>\n\t\t<\/div>\n\t\t\t\t\t\t\t\t<\/div>\n\t\t\t\t\t<\/div>\n\t\t<\/section>\n\t\t\t\t\t\t<\/div>\n\t\t\t\t\t<\/div>\n\t\t<\/div>\n\t\t\t\t\t\t\t\t<\/div>\n\t\t\t\t\t<\/div>\n\t\t<\/section>\n\t\t\t\t<section class=\"elementor-section elementor-top-section elementor-element elementor-element-24f14fa elementor-section-full_width elementor-section-content-middle elementor-section-height-default elementor-section-height-default\" data-id=\"24f14fa\" data-element_type=\"section\">\n\t\t\t\t\t\t<div class=\"elementor-container elementor-column-gap-wide\">\n\t\t\t\t\t\t\t<div class=\"elementor-row\">\n\t\t\t\t\t<div class=\"elementor-column elementor-col-50 elementor-top-column elementor-element elementor-element-98d70f2\" data-id=\"98d70f2\" data-element_type=\"column\">\n\t\t\t<div class=\"elementor-column-wrap elementor-element-populated\">\n\t\t\t\t\t\t\t<div class=\"elementor-widget-wrap\">\n\t\t\t\t\t\t<div class=\"elementor-element elementor-element-062a6a1 elementor-widget elementor-widget-rs-heading\" data-id=\"062a6a1\" data-element_type=\"widget\" data-widget_type=\"rs-heading.default\">\n\t\t\t\t<div class=\"elementor-widget-container\">\n\t\t\t        <div class=\"rs-heading style1\">\r\n        \t<div class=\"title-inner\">\r\n        \t\t      \t\t\r\n\t            <span class=\"sub-text\">  Why choose Lisbon By Locals<\/span><h2 class=\"title\"><span class=\"watermark\"><\/span>\n Every detail is taken care of with local experience and recent vehicles. Our Professionalism, Your Well-Being.<\/h2>\t        <\/div>\r\n\t                <\/div>\r\n\r\n        \t\t<\/div>\n\t\t\t\t<\/div>\n\t\t\t\t\t\t<\/div>\n\t\t\t\t\t<\/div>\n\t\t<\/div>\n\t\t\t\t<div class=\"elementor-column elementor-col-50 elementor-top-column elementor-element elementor-element-93f9638 animated-slow elementor-invisible\" data-id=\"93f9638\" data-element_type=\"column\" data-settings=\"{&quot;animation&quot;:&quot;fadeInUp&quot;,&quot;animation_delay&quot;:500}\">\n\t\t\t<div class=\"elementor-column-wrap elementor-element-populated\">\n\t\t\t\t\t\t\t<div class=\"elementor-widget-wrap\">\n\t\t\t\t\t\t<div class=\"elementor-element elementor-element-2f4391a elementor-widget__width-inherit elementor-widget elementor-widget-rs-heading\" data-id=\"2f4391a\" data-element_type=\"widget\" data-widget_type=\"rs-heading.default\">\n\t\t\t\t<div class=\"elementor-widget-container\">\n\t\t\t        <div class=\"rs-heading style1\">\r\n        \t<div class=\"title-inner\">\r\n        \t\t      \t\t\r\n\t            <span class=\"sub-text\">                   Lisbon by Locals Services<\/span>\t        <\/div>\r\n\t                    \t<div class=\"description\">\r\n            \t\t<ul><li><strong>Transfers to the Whole Country<\/strong><\/li><li><strong>Driver at Disposal<\/strong><\/li><li><strong>Medical Appointment Shuttle's\u00a0<\/strong><\/li><\/ul><p style=\"padding-left: 40px\">\u00a0<\/p>            \t\t\r\n            \t<\/div>\r\n        \t        <\/div>\r\n\r\n        \t\t<\/div>\n\t\t\t\t<\/div>\n\t\t\t\t<div class=\"elementor-element elementor-element-af57602 elementor-widget elementor-widget-spacer\" data-id=\"af57602\" data-element_type=\"widget\" data-widget_type=\"spacer.default\">\n\t\t\t\t<div class=\"elementor-widget-container\">\n\t\t\t\t\t<div class=\"elementor-spacer\">\n\t\t\t<div class=\"elementor-spacer-inner\"><\/div>\n\t\t<\/div>\n\t\t\t\t<\/div>\n\t\t\t\t<\/div>\n\t\t\t\t\t\t<\/div>\n\t\t\t\t\t<\/div>\n\t\t<\/div>\n\t\t\t\t\t\t\t\t<\/div>\n\t\t\t\t\t<\/div>\n\t\t<\/section>\n\t\t\t\t\t\t<\/div>\n\t\t\t\t\t\t<\/div>\n\t\t\t\t\t<\/div>","protected":false},"excerpt":{"rendered":"<p>Porqu\u00ea um servi\u00e7o de transfer? Conforto A melhor op\u00e7\u00e3o para quem viaja com crian\u00e7as, idosos ou procure maior conforto para a fam\u00edlia. Dispomos de cadeirinhas de transporte para crian\u00e7as. Seguran\u00e7a Todos os servi\u00e7os s\u00e3o privados e para qualquer zona de Portugal, sempre em seguran\u00e7a com motoristas experientes e com conhecimento local. Solu\u00e7\u00f5es Personalizadas Um Elemento&#8230;<\/p>","protected":false},"author":1,"featured_media":0,"parent":0,"menu_order":0,"comment_status":"closed","ping_status":"closed","template":"","meta":{"footnotes":""},"class_list":["post-13041","page","type-page","status-publish","hentry"],"yoast_head":"<!-- This site is optimized with the Yoast SEO plugin v27.4 - https:\/\/yoast.com\/product\/yoast-seo-wordpress\/ -->\n<title>Translados | Transferes | Lisbonbylocals - A Nossa Aten\u00e7\u00e3o \u00e9 para Si<\/title>\n<meta name=\"robots\" content=\"index, follow, max-snippet:-1, max-image-preview:large, max-video-preview:-1\" \/>\n<link rel=\"canonical\" href=\"https:\/\/lisbonbylocals.com\/en\/transferes-translados\/\" \/>\n<meta property=\"og:locale\" content=\"en_GB\" \/>\n<meta property=\"og:type\" content=\"article\" \/>\n<meta property=\"og:title\" content=\"Translados | Transferes | Lisbonbylocals - A Nossa Aten\u00e7\u00e3o \u00e9 para Si\" \/>\n<meta property=\"og:description\" content=\"Porqu\u00ea um servi\u00e7o de transfer? Conforto A melhor op\u00e7\u00e3o para quem viaja com crian\u00e7as, idosos ou procure maior conforto para a fam\u00edlia. Dispomos de cadeirinhas de transporte para crian\u00e7as. Seguran\u00e7a Todos os servi\u00e7os s\u00e3o privados e para qualquer zona de Portugal, sempre em seguran\u00e7a com motoristas experientes e com conhecimento local. Solu\u00e7\u00f5es Personalizadas Um Elemento...\" \/>\n<meta property=\"og:url\" content=\"https:\/\/lisbonbylocals.com\/en\/transferes-translados\/\" \/>\n<meta property=\"og:site_name\" content=\"Lisbonbylocals - A Nossa Aten\u00e7\u00e3o \u00e9 para Si\" \/>\n<meta property=\"article:publisher\" content=\"https:\/\/www.facebook.com\/LISBONBYLOCALS\" \/>\n<meta property=\"article:modified_time\" content=\"2021-04-07T17:46:44+00:00\" \/>\n<meta property=\"og:image\" content=\"http:\/\/lisbonbylocals.com\/wp-content\/uploads\/2020\/10\/family.png\" \/>\n<meta name=\"twitter:card\" content=\"summary_large_image\" \/>\n<meta name=\"twitter:label1\" content=\"Estimated reading time\" \/>\n\t<meta name=\"twitter:data1\" content=\"1 minute\" \/>\n<script type=\"application\/ld+json\" class=\"yoast-schema-graph\">{\"@context\":\"https:\\\/\\\/schema.org\",\"@graph\":[{\"@type\":\"WebPage\",\"@id\":\"https:\\\/\\\/lisbonbylocals.com\\\/transferes-translados\\\/\",\"url\":\"https:\\\/\\\/lisbonbylocals.com\\\/transferes-translados\\\/\",\"name\":\"Translados | Transferes | Lisbonbylocals - A Nossa Aten\u00e7\u00e3o \u00e9 para Si\",\"isPartOf\":{\"@id\":\"https:\\\/\\\/lisbonbylocals.com\\\/#website\"},\"primaryImageOfPage\":{\"@id\":\"https:\\\/\\\/lisbonbylocals.com\\\/transferes-translados\\\/#primaryimage\"},\"image\":{\"@id\":\"https:\\\/\\\/lisbonbylocals.com\\\/transferes-translados\\\/#primaryimage\"},\"thumbnailUrl\":\"http:\\\/\\\/lisbonbylocals.com\\\/wp-content\\\/uploads\\\/2020\\\/10\\\/family.png\",\"datePublished\":\"2021-02-15T15:52:49+00:00\",\"dateModified\":\"2021-04-07T17:46:44+00:00\",\"breadcrumb\":{\"@id\":\"https:\\\/\\\/lisbonbylocals.com\\\/transferes-translados\\\/#breadcrumb\"},\"inLanguage\":\"en-GB\",\"potentialAction\":[{\"@type\":\"ReadAction\",\"target\":[\"https:\\\/\\\/lisbonbylocals.com\\\/transferes-translados\\\/\"]}]},{\"@type\":\"ImageObject\",\"inLanguage\":\"en-GB\",\"@id\":\"https:\\\/\\\/lisbonbylocals.com\\\/transferes-translados\\\/#primaryimage\",\"url\":\"http:\\\/\\\/lisbonbylocals.com\\\/wp-content\\\/uploads\\\/2020\\\/10\\\/family.png\",\"contentUrl\":\"http:\\\/\\\/lisbonbylocals.com\\\/wp-content\\\/uploads\\\/2020\\\/10\\\/family.png\"},{\"@type\":\"BreadcrumbList\",\"@id\":\"https:\\\/\\\/lisbonbylocals.com\\\/transferes-translados\\\/#breadcrumb\",\"itemListElement\":[{\"@type\":\"ListItem\",\"position\":1,\"name\":\"In\u00edcio\",\"item\":\"https:\\\/\\\/lisbonbylocals.com\\\/\"},{\"@type\":\"ListItem\",\"position\":2,\"name\":\"Translados | Transferes\"}]},{\"@type\":\"WebSite\",\"@id\":\"https:\\\/\\\/lisbonbylocals.com\\\/#website\",\"url\":\"https:\\\/\\\/lisbonbylocals.com\\\/\",\"name\":\"Lisbonbylocals - A Nossa Aten\u00e7\u00e3o \u00e9 para Si\",\"description\":\"Portuguese company founded in 2013, specializing in private tours, destination management and relocation services in Portugal. We design tailored solutions based on your interests, needs and lifestyle.\",\"publisher\":{\"@id\":\"https:\\\/\\\/lisbonbylocals.com\\\/#organization\"},\"alternateName\":\"Lisbon By Locals \u2013 Private Tours & Relocation Services\",\"potentialAction\":[{\"@type\":\"SearchAction\",\"target\":{\"@type\":\"EntryPoint\",\"urlTemplate\":\"https:\\\/\\\/lisbonbylocals.com\\\/?s={search_term_string}\"},\"query-input\":{\"@type\":\"PropertyValueSpecification\",\"valueRequired\":true,\"valueName\":\"search_term_string\"}}],\"inLanguage\":\"en-GB\"},{\"@type\":\"Organization\",\"@id\":\"https:\\\/\\\/lisbonbylocals.com\\\/#organization\",\"name\":\"Lisbonbylocals\",\"url\":\"https:\\\/\\\/lisbonbylocals.com\\\/\",\"logo\":{\"@type\":\"ImageObject\",\"inLanguage\":\"en-GB\",\"@id\":\"https:\\\/\\\/lisbonbylocals.com\\\/#\\\/schema\\\/logo\\\/image\\\/\",\"url\":\"https:\\\/\\\/lisbonbylocals.com\\\/wp-content\\\/uploads\\\/2021\\\/03\\\/LBL-2021-black-01-e1615209586805.png\",\"contentUrl\":\"https:\\\/\\\/lisbonbylocals.com\\\/wp-content\\\/uploads\\\/2021\\\/03\\\/LBL-2021-black-01-e1615209586805.png\",\"width\":1000,\"height\":282,\"caption\":\"Lisbonbylocals\"},\"image\":{\"@id\":\"https:\\\/\\\/lisbonbylocals.com\\\/#\\\/schema\\\/logo\\\/image\\\/\"},\"sameAs\":[\"https:\\\/\\\/www.facebook.com\\\/LISBONBYLOCALS\",\"https:\\\/\\\/www.instagram.com\\\/lisbonbylocals\\\/\"]}]}<\/script>\n<!-- \/ Yoast SEO plugin. -->","yoast_head_json":{"title":"Translados | Transferes | Lisbonbylocals - A Nossa Aten\u00e7\u00e3o \u00e9 para Si","robots":{"index":"index","follow":"follow","max-snippet":"max-snippet:-1","max-image-preview":"max-image-preview:large","max-video-preview":"max-video-preview:-1"},"canonical":"https:\/\/lisbonbylocals.com\/en\/transferes-translados\/","og_locale":"en_GB","og_type":"article","og_title":"Translados | Transferes | Lisbonbylocals - A Nossa Aten\u00e7\u00e3o \u00e9 para Si","og_description":"Porqu\u00ea um servi\u00e7o de transfer? Conforto A melhor op\u00e7\u00e3o para quem viaja com crian\u00e7as, idosos ou procure maior conforto para a fam\u00edlia. Dispomos de cadeirinhas de transporte para crian\u00e7as. Seguran\u00e7a Todos os servi\u00e7os s\u00e3o privados e para qualquer zona de Portugal, sempre em seguran\u00e7a com motoristas experientes e com conhecimento local. Solu\u00e7\u00f5es Personalizadas Um Elemento...","og_url":"https:\/\/lisbonbylocals.com\/en\/transferes-translados\/","og_site_name":"Lisbonbylocals - A Nossa Aten\u00e7\u00e3o \u00e9 para Si","article_publisher":"https:\/\/www.facebook.com\/LISBONBYLOCALS","article_modified_time":"2021-04-07T17:46:44+00:00","og_image":[{"url":"http:\/\/lisbonbylocals.com\/wp-content\/uploads\/2020\/10\/family.png","type":"","width":"","height":""}],"twitter_card":"summary_large_image","twitter_misc":{"Estimated reading time":"1 minute"},"schema":{"@context":"https:\/\/schema.org","@graph":[{"@type":"WebPage","@id":"https:\/\/lisbonbylocals.com\/transferes-translados\/","url":"https:\/\/lisbonbylocals.com\/transferes-translados\/","name":"Translados | Transferes | Lisbonbylocals - A Nossa Aten\u00e7\u00e3o \u00e9 para Si","isPartOf":{"@id":"https:\/\/lisbonbylocals.com\/#website"},"primaryImageOfPage":{"@id":"https:\/\/lisbonbylocals.com\/transferes-translados\/#primaryimage"},"image":{"@id":"https:\/\/lisbonbylocals.com\/transferes-translados\/#primaryimage"},"thumbnailUrl":"http:\/\/lisbonbylocals.com\/wp-content\/uploads\/2020\/10\/family.png","datePublished":"2021-02-15T15:52:49+00:00","dateModified":"2021-04-07T17:46:44+00:00","breadcrumb":{"@id":"https:\/\/lisbonbylocals.com\/transferes-translados\/#breadcrumb"},"inLanguage":"en-GB","potentialAction":[{"@type":"ReadAction","target":["https:\/\/lisbonbylocals.com\/transferes-translados\/"]}]},{"@type":"ImageObject","inLanguage":"en-GB","@id":"https:\/\/lisbonbylocals.com\/transferes-translados\/#primaryimage","url":"http:\/\/lisbonbylocals.com\/wp-content\/uploads\/2020\/10\/family.png","contentUrl":"http:\/\/lisbonbylocals.com\/wp-content\/uploads\/2020\/10\/family.png"},{"@type":"BreadcrumbList","@id":"https:\/\/lisbonbylocals.com\/transferes-translados\/#breadcrumb","itemListElement":[{"@type":"ListItem","position":1,"name":"In\u00edcio","item":"https:\/\/lisbonbylocals.com\/"},{"@type":"ListItem","position":2,"name":"Translados | Transferes"}]},{"@type":"WebSite","@id":"https:\/\/lisbonbylocals.com\/#website","url":"https:\/\/lisbonbylocals.com\/","name":"LisbonByLocals - Our Focus Is You!","description":"Portuguese company founded in 2013, specializing in private tours, destination management and relocation services in Portugal. We design tailored solutions based on your interests, needs and lifestyle.","publisher":{"@id":"https:\/\/lisbonbylocals.com\/#organization"},"alternateName":"Lisbon By Locals \u2013 Private Tours & Relocation Services","potentialAction":[{"@type":"SearchAction","target":{"@type":"EntryPoint","urlTemplate":"https:\/\/lisbonbylocals.com\/?s={search_term_string}"},"query-input":{"@type":"PropertyValueSpecification","valueRequired":true,"valueName":"search_term_string"}}],"inLanguage":"en-GB"},{"@type":"Organization","@id":"https:\/\/lisbonbylocals.com\/#organization","name":"Lisbonbylocals","url":"https:\/\/lisbonbylocals.com\/","logo":{"@type":"ImageObject","inLanguage":"en-GB","@id":"https:\/\/lisbonbylocals.com\/#\/schema\/logo\/image\/","url":"https:\/\/lisbonbylocals.com\/wp-content\/uploads\/2021\/03\/LBL-2021-black-01-e1615209586805.png","contentUrl":"https:\/\/lisbonbylocals.com\/wp-content\/uploads\/2021\/03\/LBL-2021-black-01-e1615209586805.png","width":1000,"height":282,"caption":"Lisbonbylocals"},"image":{"@id":"https:\/\/lisbonbylocals.com\/#\/schema\/logo\/image\/"},"sameAs":["https:\/\/www.facebook.com\/LISBONBYLOCALS","https:\/\/www.instagram.com\/lisbonbylocals\/"]}]}},"_links":{"self":[{"href":"https:\/\/lisbonbylocals.com\/en\/wp-json\/wp\/v2\/pages\/13041","targetHints":{"allow":["GET"]}}],"collection":[{"href":"https:\/\/lisbonbylocals.com\/en\/wp-json\/wp\/v2\/pages"}],"about":[{"href":"https:\/\/lisbonbylocals.com\/en\/wp-json\/wp\/v2\/types\/page"}],"author":[{"embeddable":true,"href":"https:\/\/lisbonbylocals.com\/en\/wp-json\/wp\/v2\/users\/1"}],"replies":[{"embeddable":true,"href":"https:\/\/lisbonbylocals.com\/en\/wp-json\/wp\/v2\/comments?post=13041"}],"version-history":[{"count":39,"href":"https:\/\/lisbonbylocals.com\/en\/wp-json\/wp\/v2\/pages\/13041\/revisions"}],"predecessor-version":[{"id":14072,"href":"https:\/\/lisbonbylocals.com\/en\/wp-json\/wp\/v2\/pages\/13041\/revisions\/14072"}],"wp:attachment":[{"href":"https:\/\/lisbonbylocals.com\/en\/wp-json\/wp\/v2\/media?parent=13041"}],"curies":[{"name":"wp","href":"https:\/\/api.w.org\/{rel}","templated":true}]}}